{"id":4117,"date":"2021-07-14T16:25:14","date_gmt":"2021-07-14T14:25:14","guid":{"rendered":"https:\/\/erloeserkirche-marquartstein.de\/cms\/?page_id=4117"},"modified":"2022-03-23T18:10:24","modified_gmt":"2022-03-23T17:10:24","slug":"freizeiten","status":"publish","type":"page","link":"https:\/\/erloeserkirche-marquartstein.de\/cms\/freizeiten\/","title":{"rendered":"Freizeiten"},"content":{"rendered":"<p>An dieser Stelle m\u00f6chten wir Euch auf verschiedene Freizeitangebote f\u00fcr Jugendliche hinweisen:<\/p>\n<p>Die <a href=\"https:\/\/www.ej-dekanat-traunstein.de\/\" target=\"_blank\" rel=\"noopener\">evangelische Dekanatsjugend<\/a> ist sehr aktiv: Alle Termine sind jetzt online, Ihr k\u00f6nnt Euch direkt via QR-Code anmelden:<\/p>\n<p><a href=\"https:\/\/erloeserkirche-marquartstein.de\/cms\/wp-content\/uploads\/2022\/03\/QR-Code-Evang-Jugend-TS.jpg\"><img decoding=\"async\" class=\"size-full wp-image-4349 alignleft lazyload\" data-src=\"https:\/\/erloeserkirche-marquartstein.de\/cms\/wp-content\/uploads\/2022\/03\/QR-Code-Evang-Jugend-TS.jpg\" alt=\"\" width=\"147\" height=\"147\" src=\"data:image\/svg+xml;base64,PHN2ZyB3aWR0aD0iMSIgaGVpZ2h0PSIxIiB4bWxucz0iaHR0cDovL3d3dy53My5vcmcvMjAwMC9zdmciPjwvc3ZnPg==\" style=\"--smush-placeholder-width: 147px; --smush-placeholder-aspect-ratio: 147\/147;\"><\/a><\/p>\n<p>Hier der direkte Link: <a href=\"https:\/\/eur04.safelinks.protection.outlook.com\/?url=https%3A%2F%2Fwww.ej-dekanat-traunstein.de%2Ftermine%2Fterminuebersicht_evangelische-termine%2F&amp;data=04%7C01%7Cpfarramt.marquartstein%40elkb.de%7Cf6cbfcb972cb4d70647b08da076725d4%7Cbb87f9dc7fcf4e3c906497fd5f11a859%7C0%7C0%7C637830437530137802%7CUnknown%7CTWFpbGZsb3d8eyJWIjoiMC4wLjAwMDAiLCJQIjoiV2luMzIiLCJBTiI6Ik1haWwiLCJXVCI6Mn0%3D%7C3000&amp;sdata=eZKx9poQVSgncUMzE%2BxjPKeq%2FWhR%2BkVcsfckTmuzj58%3D&amp;reserved=0\">https:\/\/www.ej-dekanat-traunstein.de\/termine\/terminuebersicht_evangelische-termine\/<\/a><\/p>\n<p>Bei Fragen einfach melden, am besten unter 0179 &#8211; 120 5748.<\/p>\n<p>&nbsp;<\/p>\n<p>Auch der CVJM (Christlicher Verein junger Menschen) hat Angebote f\u00fcr junge Menschen: <a href=\"https:\/\/www.cvjm-traunreut.de\">https:\/\/www.cvjm-traunreut.de<\/a><\/p>\n","protected":false},"excerpt":{"rendered":"<p>An dieser Stelle m\u00f6chten wir Euch auf verschiedene Freizeitangebote f\u00fcr Jugendliche hinweisen: Die evangelische Dekanatsjugend ist sehr aktiv: Alle Termine sind jetzt online, Ihr k\u00f6nnt Euch direkt via QR-Code anmelden: Hier der direkte Link: https:\/\/www.ej-dekanat-traunstein.de\/termine\/terminuebersicht_evangelische-termine\/ Bei Fragen einfach melden, am besten unter 0179 &#8211; 120 5748. &nbsp; Auch der CVJM (Christlicher Verein junger Menschen) hat [&hellip;]<\/p>\n","protected":false},"author":2,"featured_media":0,"parent":0,"menu_order":0,"comment_status":"closed","ping_status":"closed","template":"","meta":{"ngg_post_thumbnail":0,"footnotes":""},"class_list":["post-4117","page","type-page","status-publish","hentry"],"yoast_head":"<!-- This site is optimized with the Yoast SEO plugin v27.1.1 - https:\/\/yoast.com\/product\/yoast-seo-wordpress\/ -->\n<title>Freizeiten - Erl\u00f6serkirche Marquartstein<\/title>\n<meta name=\"robots\" content=\"index, follow, max-snippet:-1, max-image-preview:large, max-video-preview:-1\" \/>\n<link rel=\"canonical\" href=\"https:\/\/erloeserkirche-marquartstein.de\/cms\/freizeiten\/\" \/>\n<meta property=\"og:locale\" content=\"de_DE\" \/>\n<meta property=\"og:type\" content=\"article\" \/>\n<meta property=\"og:title\" content=\"Freizeiten - Erl\u00f6serkirche Marquartstein\" \/>\n<meta property=\"og:description\" content=\"An dieser Stelle m\u00f6chten wir Euch auf verschiedene Freizeitangebote f\u00fcr Jugendliche hinweisen: Die evangelische Dekanatsjugend ist sehr aktiv: Alle Termine sind jetzt online, Ihr k\u00f6nnt Euch direkt via QR-Code anmelden: Hier der direkte Link: https:\/\/www.ej-dekanat-traunstein.de\/termine\/terminuebersicht_evangelische-termine\/ Bei Fragen einfach melden, am besten unter 0179 &#8211; 120 5748. &nbsp; Auch der CVJM (Christlicher Verein junger Menschen) hat [&hellip;]\" \/>\n<meta property=\"og:url\" content=\"https:\/\/erloeserkirche-marquartstein.de\/cms\/freizeiten\/\" \/>\n<meta property=\"og:site_name\" content=\"Erl\u00f6serkirche Marquartstein\" \/>\n<meta property=\"article:modified_time\" content=\"2022-03-23T17:10:24+00:00\" \/>\n<meta property=\"og:image\" content=\"https:\/\/erloeserkirche-marquartstein.de\/cms\/wp-content\/uploads\/2022\/03\/QR-Code-Evang-Jugend-TS.jpg\" \/>\n<meta name=\"twitter:label1\" content=\"Gesch\u00e4tzte Lesezeit\" \/>\n\t<meta name=\"twitter:data1\" content=\"1\u00a0Minute\" \/>\n<script type=\"application\/ld+json\" class=\"yoast-schema-graph\">{\"@context\":\"https:\/\/schema.org\",\"@graph\":[{\"@type\":\"WebPage\",\"@id\":\"https:\/\/erloeserkirche-marquartstein.de\/cms\/freizeiten\/\",\"url\":\"https:\/\/erloeserkirche-marquartstein.de\/cms\/freizeiten\/\",\"name\":\"Freizeiten - Erl\u00f6serkirche Marquartstein\",\"isPartOf\":{\"@id\":\"https:\/\/erloeserkirche-marquartstein.de\/cms\/#website\"},\"primaryImageOfPage\":{\"@id\":\"https:\/\/erloeserkirche-marquartstein.de\/cms\/freizeiten\/#primaryimage\"},\"image\":{\"@id\":\"https:\/\/erloeserkirche-marquartstein.de\/cms\/freizeiten\/#primaryimage\"},\"thumbnailUrl\":\"https:\/\/erloeserkirche-marquartstein.de\/cms\/wp-content\/uploads\/2022\/03\/QR-Code-Evang-Jugend-TS.jpg\",\"datePublished\":\"2021-07-14T14:25:14+00:00\",\"dateModified\":\"2022-03-23T17:10:24+00:00\",\"breadcrumb\":{\"@id\":\"https:\/\/erloeserkirche-marquartstein.de\/cms\/freizeiten\/#breadcrumb\"},\"inLanguage\":\"de\",\"potentialAction\":[{\"@type\":\"ReadAction\",\"target\":[\"https:\/\/erloeserkirche-marquartstein.de\/cms\/freizeiten\/\"]}]},{\"@type\":\"ImageObject\",\"inLanguage\":\"de\",\"@id\":\"https:\/\/erloeserkirche-marquartstein.de\/cms\/freizeiten\/#primaryimage\",\"url\":\"https:\/\/erloeserkirche-marquartstein.de\/cms\/wp-content\/uploads\/2022\/03\/QR-Code-Evang-Jugend-TS.jpg\",\"contentUrl\":\"https:\/\/erloeserkirche-marquartstein.de\/cms\/wp-content\/uploads\/2022\/03\/QR-Code-Evang-Jugend-TS.jpg\",\"width\":147,\"height\":147},{\"@type\":\"BreadcrumbList\",\"@id\":\"https:\/\/erloeserkirche-marquartstein.de\/cms\/freizeiten\/#breadcrumb\",\"itemListElement\":[{\"@type\":\"ListItem\",\"position\":1,\"name\":\"Home\",\"item\":\"https:\/\/erloeserkirche-marquartstein.de\/cms\/\"},{\"@type\":\"ListItem\",\"position\":2,\"name\":\"Freizeiten\"}]},{\"@type\":\"WebSite\",\"@id\":\"https:\/\/erloeserkirche-marquartstein.de\/cms\/#website\",\"url\":\"https:\/\/erloeserkirche-marquartstein.de\/cms\/\",\"name\":\"Erl\u00f6serkirche Marquartstein\",\"description\":\"Evangelisch-lutherische Kirchengemeinde Grassau, Unterw\u00f6ssen, Schleching, Staudach-Egerndach, Marquartstein | Evangelisch im Chiemgau\",\"potentialAction\":[{\"@type\":\"SearchAction\",\"target\":{\"@type\":\"EntryPoint\",\"urlTemplate\":\"https:\/\/erloeserkirche-marquartstein.de\/cms\/?s={search_term_string}\"},\"query-input\":{\"@type\":\"PropertyValueSpecification\",\"valueRequired\":true,\"valueName\":\"search_term_string\"}}],\"inLanguage\":\"de\"}]}<\/script>\n<!-- \/ Yoast SEO plugin. -->","yoast_head_json":{"title":"Freizeiten - Erl\u00f6serkirche Marquartstein","robots":{"index":"index","follow":"follow","max-snippet":"max-snippet:-1","max-image-preview":"max-image-preview:large","max-video-preview":"max-video-preview:-1"},"canonical":"https:\/\/erloeserkirche-marquartstein.de\/cms\/freizeiten\/","og_locale":"de_DE","og_type":"article","og_title":"Freizeiten - Erl\u00f6serkirche Marquartstein","og_description":"An dieser Stelle m\u00f6chten wir Euch auf verschiedene Freizeitangebote f\u00fcr Jugendliche hinweisen: Die evangelische Dekanatsjugend ist sehr aktiv: Alle Termine sind jetzt online, Ihr k\u00f6nnt Euch direkt via QR-Code anmelden: Hier der direkte Link: https:\/\/www.ej-dekanat-traunstein.de\/termine\/terminuebersicht_evangelische-termine\/ Bei Fragen einfach melden, am besten unter 0179 &#8211; 120 5748. &nbsp; Auch der CVJM (Christlicher Verein junger Menschen) hat [&hellip;]","og_url":"https:\/\/erloeserkirche-marquartstein.de\/cms\/freizeiten\/","og_site_name":"Erl\u00f6serkirche Marquartstein","article_modified_time":"2022-03-23T17:10:24+00:00","og_image":[{"url":"https:\/\/erloeserkirche-marquartstein.de\/cms\/wp-content\/uploads\/2022\/03\/QR-Code-Evang-Jugend-TS.jpg","type":"","width":"","height":""}],"twitter_misc":{"Gesch\u00e4tzte Lesezeit":"1\u00a0Minute"},"schema":{"@context":"https:\/\/schema.org","@graph":[{"@type":"WebPage","@id":"https:\/\/erloeserkirche-marquartstein.de\/cms\/freizeiten\/","url":"https:\/\/erloeserkirche-marquartstein.de\/cms\/freizeiten\/","name":"Freizeiten - Erl\u00f6serkirche Marquartstein","isPartOf":{"@id":"https:\/\/erloeserkirche-marquartstein.de\/cms\/#website"},"primaryImageOfPage":{"@id":"https:\/\/erloeserkirche-marquartstein.de\/cms\/freizeiten\/#primaryimage"},"image":{"@id":"https:\/\/erloeserkirche-marquartstein.de\/cms\/freizeiten\/#primaryimage"},"thumbnailUrl":"https:\/\/erloeserkirche-marquartstein.de\/cms\/wp-content\/uploads\/2022\/03\/QR-Code-Evang-Jugend-TS.jpg","datePublished":"2021-07-14T14:25:14+00:00","dateModified":"2022-03-23T17:10:24+00:00","breadcrumb":{"@id":"https:\/\/erloeserkirche-marquartstein.de\/cms\/freizeiten\/#breadcrumb"},"inLanguage":"de","potentialAction":[{"@type":"ReadAction","target":["https:\/\/erloeserkirche-marquartstein.de\/cms\/freizeiten\/"]}]},{"@type":"ImageObject","inLanguage":"de","@id":"https:\/\/erloeserkirche-marquartstein.de\/cms\/freizeiten\/#primaryimage","url":"https:\/\/erloeserkirche-marquartstein.de\/cms\/wp-content\/uploads\/2022\/03\/QR-Code-Evang-Jugend-TS.jpg","contentUrl":"https:\/\/erloeserkirche-marquartstein.de\/cms\/wp-content\/uploads\/2022\/03\/QR-Code-Evang-Jugend-TS.jpg","width":147,"height":147},{"@type":"BreadcrumbList","@id":"https:\/\/erloeserkirche-marquartstein.de\/cms\/freizeiten\/#breadcrumb","itemListElement":[{"@type":"ListItem","position":1,"name":"Home","item":"https:\/\/erloeserkirche-marquartstein.de\/cms\/"},{"@type":"ListItem","position":2,"name":"Freizeiten"}]},{"@type":"WebSite","@id":"https:\/\/erloeserkirche-marquartstein.de\/cms\/#website","url":"https:\/\/erloeserkirche-marquartstein.de\/cms\/","name":"Erl\u00f6serkirche Marquartstein","description":"Evangelisch-lutherische Kirchengemeinde Grassau, Unterw\u00f6ssen, Schleching, Staudach-Egerndach, Marquartstein | Evangelisch im Chiemgau","potentialAction":[{"@type":"SearchAction","target":{"@type":"EntryPoint","urlTemplate":"https:\/\/erloeserkirche-marquartstein.de\/cms\/?s={search_term_string}"},"query-input":{"@type":"PropertyValueSpecification","valueRequired":true,"valueName":"search_term_string"}}],"inLanguage":"de"}]}},"_links":{"self":[{"href":"https:\/\/erloeserkirche-marquartstein.de\/cms\/wp-json\/wp\/v2\/pages\/4117","targetHints":{"allow":["GET"]}}],"collection":[{"href":"https:\/\/erloeserkirche-marquartstein.de\/cms\/wp-json\/wp\/v2\/pages"}],"about":[{"href":"https:\/\/erloeserkirche-marquartstein.de\/cms\/wp-json\/wp\/v2\/types\/page"}],"author":[{"embeddable":true,"href":"https:\/\/erloeserkirche-marquartstein.de\/cms\/wp-json\/wp\/v2\/users\/2"}],"replies":[{"embeddable":true,"href":"https:\/\/erloeserkirche-marquartstein.de\/cms\/wp-json\/wp\/v2\/comments?post=4117"}],"version-history":[{"count":0,"href":"https:\/\/erloeserkirche-marquartstein.de\/cms\/wp-json\/wp\/v2\/pages\/4117\/revisions"}],"wp:attachment":[{"href":"https:\/\/erloeserkirche-marquartstein.de\/cms\/wp-json\/wp\/v2\/media?parent=4117"}],"curies":[{"name":"wp","href":"https:\/\/api.w.org\/{rel}","templated":true}]}}