{"id":3355,"date":"2020-04-28T10:52:07","date_gmt":"2020-04-28T10:52:07","guid":{"rendered":"https:\/\/erloeserkirche-marquartstein.de\/cms\/?page_id=3355"},"modified":"2020-04-28T10:54:38","modified_gmt":"2020-04-28T10:54:38","slug":"wohnraum-fuer-menschen-mit-migrationshintergrund","status":"publish","type":"page","link":"https:\/\/erloeserkirche-marquartstein.de\/cms\/wohnraum-fuer-menschen-mit-migrationshintergrund\/","title":{"rendered":"WOHNRAUM F\u00dcR MENSCHEN MIT MIGRATIONSHINTERGRUND"},"content":{"rendered":"<p><strong><img decoding=\"async\" class=\"alignleft size-medium wp-image-3358 lazyload\" data-src=\"https:\/\/erloeserkirche-marquartstein.de\/cms\/wp-content\/uploads\/2020\/04\/Bildschirmfoto-2020-04-28-um-12.53.23-300x94.png\" alt=\"\" width=\"300\" height=\"94\" data-srcset=\"https:\/\/erloeserkirche-marquartstein.de\/cms\/wp-content\/uploads\/2020\/04\/Bildschirmfoto-2020-04-28-um-12.53.23-300x94.png 300w, https:\/\/erloeserkirche-marquartstein.de\/cms\/wp-content\/uploads\/2020\/04\/Bildschirmfoto-2020-04-28-um-12.53.23.png 764w\" data-sizes=\"(max-width: 300px) 100vw, 300px\" src=\"data:image\/svg+xml;base64,PHN2ZyB3aWR0aD0iMSIgaGVpZ2h0PSIxIiB4bWxucz0iaHR0cDovL3d3dy53My5vcmcvMjAwMC9zdmciPjwvc3ZnPg==\" style=\"--smush-placeholder-width: 300px; --smush-placeholder-aspect-ratio: 300\/94;\" \/>Wohnraum F\u00fcr Alle \u2013 Integration braucht ein Zuhause<\/strong> ist ein Projekt der Evang.-Luth. Landeskirche in Bayern und dem Diakonischen Werk Bayern \u2013 gef\u00f6rdert duch das Bayerische Staatsministerium des Innern, f\u00fcr Sport und Integration. Das Projekt ist an zehn Standorten in Bayern aktiv und wird durch Arrival Aid \u2013 eine gemeinn\u00fctzige Organisation zur Unterst\u00fctzung von gefl\u00fcchteten Menschen \u2013 gesteuert.<\/p>\n<ul>\n<li>Ehrenamtliche gewinnen<\/li>\n<li>Netzwerke auf- und ausbauen<\/li>\n<li>Vermieter*innen kontaktieren<\/li>\n<li>Wohnungssuche unterst\u00fctzen<\/li>\n<li>Wohnen begleiten<\/li>\n<\/ul>\n","protected":false},"excerpt":{"rendered":"<p>Wohnraum F\u00fcr Alle \u2013 Integration braucht ein Zuhause ist ein Projekt der Evang.-Luth. Landeskirche in Bayern und dem Diakonischen Werk Bayern \u2013 gef\u00f6rdert duch das Bayerische Staatsministerium des Innern, f\u00fcr Sport und Integration. Das Projekt ist an zehn Standorten in Bayern aktiv und wird durch Arrival Aid \u2013 eine gemeinn\u00fctzige Organisation zur Unterst\u00fctzung von gefl\u00fcchteten [&hellip;]<\/p>\n","protected":false},"author":1,"featured_media":0,"parent":0,"menu_order":0,"comment_status":"closed","ping_status":"closed","template":"","meta":{"ngg_post_thumbnail":0,"footnotes":""},"class_list":["post-3355","page","type-page","status-publish","hentry"],"yoast_head":"<!-- This site is optimized with the Yoast SEO plugin v27.1.1 - https:\/\/yoast.com\/product\/yoast-seo-wordpress\/ -->\n<title>WOHNRAUM F\u00dcR MENSCHEN MIT MIGRATIONSHINTERGRUND - Erl\u00f6serkirche Marquartstein<\/title>\n<meta name=\"robots\" content=\"index, follow, max-snippet:-1, max-image-preview:large, max-video-preview:-1\" \/>\n<link rel=\"canonical\" href=\"https:\/\/erloeserkirche-marquartstein.de\/cms\/wohnraum-fuer-menschen-mit-migrationshintergrund\/\" \/>\n<meta property=\"og:locale\" content=\"de_DE\" \/>\n<meta property=\"og:type\" content=\"article\" \/>\n<meta property=\"og:title\" content=\"WOHNRAUM F\u00dcR MENSCHEN MIT MIGRATIONSHINTERGRUND - Erl\u00f6serkirche Marquartstein\" \/>\n<meta property=\"og:description\" content=\"Wohnraum F\u00fcr Alle \u2013 Integration braucht ein Zuhause ist ein Projekt der Evang.-Luth. Landeskirche in Bayern und dem Diakonischen Werk Bayern \u2013 gef\u00f6rdert duch das Bayerische Staatsministerium des Innern, f\u00fcr Sport und Integration. Das Projekt ist an zehn Standorten in Bayern aktiv und wird durch Arrival Aid \u2013 eine gemeinn\u00fctzige Organisation zur Unterst\u00fctzung von gefl\u00fcchteten [&hellip;]\" \/>\n<meta property=\"og:url\" content=\"https:\/\/erloeserkirche-marquartstein.de\/cms\/wohnraum-fuer-menschen-mit-migrationshintergrund\/\" \/>\n<meta property=\"og:site_name\" content=\"Erl\u00f6serkirche Marquartstein\" \/>\n<meta property=\"article:modified_time\" content=\"2020-04-28T10:54:38+00:00\" \/>\n<meta property=\"og:image\" content=\"https:\/\/erloeserkirche-marquartstein.de\/cms\/wp-content\/uploads\/2020\/04\/Bildschirmfoto-2020-04-28-um-12.53.23-300x94.png\" \/>\n<script type=\"application\/ld+json\" class=\"yoast-schema-graph\">{\"@context\":\"https:\/\/schema.org\",\"@graph\":[{\"@type\":\"WebPage\",\"@id\":\"https:\/\/erloeserkirche-marquartstein.de\/cms\/wohnraum-fuer-menschen-mit-migrationshintergrund\/\",\"url\":\"https:\/\/erloeserkirche-marquartstein.de\/cms\/wohnraum-fuer-menschen-mit-migrationshintergrund\/\",\"name\":\"WOHNRAUM F\u00dcR MENSCHEN MIT MIGRATIONSHINTERGRUND - Erl\u00f6serkirche Marquartstein\",\"isPartOf\":{\"@id\":\"https:\/\/erloeserkirche-marquartstein.de\/cms\/#website\"},\"primaryImageOfPage\":{\"@id\":\"https:\/\/erloeserkirche-marquartstein.de\/cms\/wohnraum-fuer-menschen-mit-migrationshintergrund\/#primaryimage\"},\"image\":{\"@id\":\"https:\/\/erloeserkirche-marquartstein.de\/cms\/wohnraum-fuer-menschen-mit-migrationshintergrund\/#primaryimage\"},\"thumbnailUrl\":\"https:\/\/erloeserkirche-marquartstein.de\/cms\/wp-content\/uploads\/2020\/04\/Bildschirmfoto-2020-04-28-um-12.53.23-300x94.png\",\"datePublished\":\"2020-04-28T10:52:07+00:00\",\"dateModified\":\"2020-04-28T10:54:38+00:00\",\"breadcrumb\":{\"@id\":\"https:\/\/erloeserkirche-marquartstein.de\/cms\/wohnraum-fuer-menschen-mit-migrationshintergrund\/#breadcrumb\"},\"inLanguage\":\"de\",\"potentialAction\":[{\"@type\":\"ReadAction\",\"target\":[\"https:\/\/erloeserkirche-marquartstein.de\/cms\/wohnraum-fuer-menschen-mit-migrationshintergrund\/\"]}]},{\"@type\":\"ImageObject\",\"inLanguage\":\"de\",\"@id\":\"https:\/\/erloeserkirche-marquartstein.de\/cms\/wohnraum-fuer-menschen-mit-migrationshintergrund\/#primaryimage\",\"url\":\"https:\/\/erloeserkirche-marquartstein.de\/cms\/wp-content\/uploads\/2020\/04\/Bildschirmfoto-2020-04-28-um-12.53.23.png\",\"contentUrl\":\"https:\/\/erloeserkirche-marquartstein.de\/cms\/wp-content\/uploads\/2020\/04\/Bildschirmfoto-2020-04-28-um-12.53.23.png\",\"width\":764,\"height\":240},{\"@type\":\"BreadcrumbList\",\"@id\":\"https:\/\/erloeserkirche-marquartstein.de\/cms\/wohnraum-fuer-menschen-mit-migrationshintergrund\/#breadcrumb\",\"itemListElement\":[{\"@type\":\"ListItem\",\"position\":1,\"name\":\"Home\",\"item\":\"https:\/\/erloeserkirche-marquartstein.de\/cms\/\"},{\"@type\":\"ListItem\",\"position\":2,\"name\":\"WOHNRAUM F\u00dcR MENSCHEN MIT MIGRATIONSHINTERGRUND\"}]},{\"@type\":\"WebSite\",\"@id\":\"https:\/\/erloeserkirche-marquartstein.de\/cms\/#website\",\"url\":\"https:\/\/erloeserkirche-marquartstein.de\/cms\/\",\"name\":\"Erl\u00f6serkirche Marquartstein\",\"description\":\"Evangelisch-lutherische Kirchengemeinde Grassau, Unterw\u00f6ssen, Schleching, Staudach-Egerndach, Marquartstein | Evangelisch im Chiemgau\",\"potentialAction\":[{\"@type\":\"SearchAction\",\"target\":{\"@type\":\"EntryPoint\",\"urlTemplate\":\"https:\/\/erloeserkirche-marquartstein.de\/cms\/?s={search_term_string}\"},\"query-input\":{\"@type\":\"PropertyValueSpecification\",\"valueRequired\":true,\"valueName\":\"search_term_string\"}}],\"inLanguage\":\"de\"}]}<\/script>\n<!-- \/ Yoast SEO plugin. -->","yoast_head_json":{"title":"WOHNRAUM F\u00dcR MENSCHEN MIT MIGRATIONSHINTERGRUND - Erl\u00f6serkirche Marquartstein","robots":{"index":"index","follow":"follow","max-snippet":"max-snippet:-1","max-image-preview":"max-image-preview:large","max-video-preview":"max-video-preview:-1"},"canonical":"https:\/\/erloeserkirche-marquartstein.de\/cms\/wohnraum-fuer-menschen-mit-migrationshintergrund\/","og_locale":"de_DE","og_type":"article","og_title":"WOHNRAUM F\u00dcR MENSCHEN MIT MIGRATIONSHINTERGRUND - Erl\u00f6serkirche Marquartstein","og_description":"Wohnraum F\u00fcr Alle \u2013 Integration braucht ein Zuhause ist ein Projekt der Evang.-Luth. Landeskirche in Bayern und dem Diakonischen Werk Bayern \u2013 gef\u00f6rdert duch das Bayerische Staatsministerium des Innern, f\u00fcr Sport und Integration. Das Projekt ist an zehn Standorten in Bayern aktiv und wird durch Arrival Aid \u2013 eine gemeinn\u00fctzige Organisation zur Unterst\u00fctzung von gefl\u00fcchteten [&hellip;]","og_url":"https:\/\/erloeserkirche-marquartstein.de\/cms\/wohnraum-fuer-menschen-mit-migrationshintergrund\/","og_site_name":"Erl\u00f6serkirche Marquartstein","article_modified_time":"2020-04-28T10:54:38+00:00","og_image":[{"url":"https:\/\/erloeserkirche-marquartstein.de\/cms\/wp-content\/uploads\/2020\/04\/Bildschirmfoto-2020-04-28-um-12.53.23-300x94.png","type":"","width":"","height":""}],"schema":{"@context":"https:\/\/schema.org","@graph":[{"@type":"WebPage","@id":"https:\/\/erloeserkirche-marquartstein.de\/cms\/wohnraum-fuer-menschen-mit-migrationshintergrund\/","url":"https:\/\/erloeserkirche-marquartstein.de\/cms\/wohnraum-fuer-menschen-mit-migrationshintergrund\/","name":"WOHNRAUM F\u00dcR MENSCHEN MIT MIGRATIONSHINTERGRUND - Erl\u00f6serkirche Marquartstein","isPartOf":{"@id":"https:\/\/erloeserkirche-marquartstein.de\/cms\/#website"},"primaryImageOfPage":{"@id":"https:\/\/erloeserkirche-marquartstein.de\/cms\/wohnraum-fuer-menschen-mit-migrationshintergrund\/#primaryimage"},"image":{"@id":"https:\/\/erloeserkirche-marquartstein.de\/cms\/wohnraum-fuer-menschen-mit-migrationshintergrund\/#primaryimage"},"thumbnailUrl":"https:\/\/erloeserkirche-marquartstein.de\/cms\/wp-content\/uploads\/2020\/04\/Bildschirmfoto-2020-04-28-um-12.53.23-300x94.png","datePublished":"2020-04-28T10:52:07+00:00","dateModified":"2020-04-28T10:54:38+00:00","breadcrumb":{"@id":"https:\/\/erloeserkirche-marquartstein.de\/cms\/wohnraum-fuer-menschen-mit-migrationshintergrund\/#breadcrumb"},"inLanguage":"de","potentialAction":[{"@type":"ReadAction","target":["https:\/\/erloeserkirche-marquartstein.de\/cms\/wohnraum-fuer-menschen-mit-migrationshintergrund\/"]}]},{"@type":"ImageObject","inLanguage":"de","@id":"https:\/\/erloeserkirche-marquartstein.de\/cms\/wohnraum-fuer-menschen-mit-migrationshintergrund\/#primaryimage","url":"https:\/\/erloeserkirche-marquartstein.de\/cms\/wp-content\/uploads\/2020\/04\/Bildschirmfoto-2020-04-28-um-12.53.23.png","contentUrl":"https:\/\/erloeserkirche-marquartstein.de\/cms\/wp-content\/uploads\/2020\/04\/Bildschirmfoto-2020-04-28-um-12.53.23.png","width":764,"height":240},{"@type":"BreadcrumbList","@id":"https:\/\/erloeserkirche-marquartstein.de\/cms\/wohnraum-fuer-menschen-mit-migrationshintergrund\/#breadcrumb","itemListElement":[{"@type":"ListItem","position":1,"name":"Home","item":"https:\/\/erloeserkirche-marquartstein.de\/cms\/"},{"@type":"ListItem","position":2,"name":"WOHNRAUM F\u00dcR MENSCHEN MIT MIGRATIONSHINTERGRUND"}]},{"@type":"WebSite","@id":"https:\/\/erloeserkirche-marquartstein.de\/cms\/#website","url":"https:\/\/erloeserkirche-marquartstein.de\/cms\/","name":"Erl\u00f6serkirche Marquartstein","description":"Evangelisch-lutherische Kirchengemeinde Grassau, Unterw\u00f6ssen, Schleching, Staudach-Egerndach, Marquartstein | Evangelisch im Chiemgau","potentialAction":[{"@type":"SearchAction","target":{"@type":"EntryPoint","urlTemplate":"https:\/\/erloeserkirche-marquartstein.de\/cms\/?s={search_term_string}"},"query-input":{"@type":"PropertyValueSpecification","valueRequired":true,"valueName":"search_term_string"}}],"inLanguage":"de"}]}},"_links":{"self":[{"href":"https:\/\/erloeserkirche-marquartstein.de\/cms\/wp-json\/wp\/v2\/pages\/3355","targetHints":{"allow":["GET"]}}],"collection":[{"href":"https:\/\/erloeserkirche-marquartstein.de\/cms\/wp-json\/wp\/v2\/pages"}],"about":[{"href":"https:\/\/erloeserkirche-marquartstein.de\/cms\/wp-json\/wp\/v2\/types\/page"}],"author":[{"embeddable":true,"href":"https:\/\/erloeserkirche-marquartstein.de\/cms\/wp-json\/wp\/v2\/users\/1"}],"replies":[{"embeddable":true,"href":"https:\/\/erloeserkirche-marquartstein.de\/cms\/wp-json\/wp\/v2\/comments?post=3355"}],"version-history":[{"count":0,"href":"https:\/\/erloeserkirche-marquartstein.de\/cms\/wp-json\/wp\/v2\/pages\/3355\/revisions"}],"wp:attachment":[{"href":"https:\/\/erloeserkirche-marquartstein.de\/cms\/wp-json\/wp\/v2\/media?parent=3355"}],"curies":[{"name":"wp","href":"https:\/\/api.w.org\/{rel}","templated":true}]}}