{"id":1848,"date":"2015-10-25T23:32:39","date_gmt":"2015-10-25T23:32:39","guid":{"rendered":"http:\/\/erloeserkirche-marquartstein.de\/cms\/?page_id=1848"},"modified":"2015-10-25T23:32:48","modified_gmt":"2015-10-25T23:32:48","slug":"1848-2","status":"publish","type":"page","link":"https:\/\/erloeserkirche-marquartstein.de\/cms\/geistliche-angebote\/1848-2\/","title":{"rendered":"Erwachsenentaufe"},"content":{"rendered":"<p>Auch als Erwachsener k\u00f6nnen Sie sich taufen lassen.<\/p>\n<p>In einem Gespr\u00e4ch kl\u00e4re ich mit Ihnen, wie umfangreich eine Taufvorbereitung sein soll. Wichtig ist, dass Sie wissen, was die Taufe bedeutet. Der christliche Glaube ist dann eine Lebensbasis, wenn Sie eine Beziehung zu Jesus Christus aufgebaut<br \/>\nhaben. Das hei\u00dft nicht, dass all Ihre Fragen beantwortet sein m\u00fcssen, aber dass Sie sich Jesus nahe f\u00fchlen. Anfragen und Zweifel geh\u00f6ren zum Leben eines Christen\/einer Christin.<\/p>\n<p>Manchmal ist der Grundstein schon gelegt und es gen\u00fcgen zwei bis drei Gespr\u00e4che um die Taufe vorzubereiten. Manchmal ist eine l\u00e4ngere Vorbereitungszeit sinnvoll in der ich Sie mit Gespr\u00e4chen und Impulsen begleite.<\/p>\n<p>Die Entscheidung dar\u00fcber, was sinnvoll ist treffen wir gemeinsam, denn ich kann nicht in sie hineinschauen und ma\u00dfe mir kein Urteil \u00fcber Ihren Glauben an.<\/p>\n<p>Arbeitgeber, die eine Taufe f\u00fcr die Anstellung voraussetzen, akzeptieren in der Regel auch eine Bescheinigung \u00fcber die Taufvorbereitung. In der Vorbereitungszeit k\u00f6nnen Sie auch f\u00fcr sich kl\u00e4ren, ob das der richtige Weg f\u00fcr Sie ist.<\/p>\n","protected":false},"excerpt":{"rendered":"<p>Auch als Erwachsener k\u00f6nnen Sie sich taufen lassen. In einem Gespr\u00e4ch kl\u00e4re ich mit Ihnen, wie umfangreich eine Taufvorbereitung sein soll. Wichtig ist, dass Sie wissen, was die Taufe bedeutet. Der christliche Glaube ist dann eine Lebensbasis, wenn Sie eine Beziehung zu Jesus Christus aufgebaut haben. Das hei\u00dft nicht, dass all Ihre Fragen beantwortet sein [&hellip;]<\/p>\n","protected":false},"author":1,"featured_media":0,"parent":83,"menu_order":0,"comment_status":"closed","ping_status":"closed","template":"","meta":{"ngg_post_thumbnail":0,"footnotes":""},"class_list":["post-1848","page","type-page","status-publish","hentry"],"yoast_head":"<!-- This site is optimized with the Yoast SEO plugin v27.5 - https:\/\/yoast.com\/product\/yoast-seo-wordpress\/ -->\n<title>Erwachsenentaufe - Erl\u00f6serkirche Marquartstein<\/title>\n<meta name=\"robots\" content=\"index, follow, max-snippet:-1, max-image-preview:large, max-video-preview:-1\" \/>\n<link rel=\"canonical\" href=\"https:\/\/erloeserkirche-marquartstein.de\/cms\/geistliche-angebote\/1848-2\/\" \/>\n<meta property=\"og:locale\" content=\"de_DE\" \/>\n<meta property=\"og:type\" content=\"article\" \/>\n<meta property=\"og:title\" content=\"Erwachsenentaufe - Erl\u00f6serkirche Marquartstein\" \/>\n<meta property=\"og:description\" content=\"Auch als Erwachsener k\u00f6nnen Sie sich taufen lassen. In einem Gespr\u00e4ch kl\u00e4re ich mit Ihnen, wie umfangreich eine Taufvorbereitung sein soll. Wichtig ist, dass Sie wissen, was die Taufe bedeutet. Der christliche Glaube ist dann eine Lebensbasis, wenn Sie eine Beziehung zu Jesus Christus aufgebaut haben. Das hei\u00dft nicht, dass all Ihre Fragen beantwortet sein [&hellip;]\" \/>\n<meta property=\"og:url\" content=\"https:\/\/erloeserkirche-marquartstein.de\/cms\/geistliche-angebote\/1848-2\/\" \/>\n<meta property=\"og:site_name\" content=\"Erl\u00f6serkirche Marquartstein\" \/>\n<meta property=\"article:modified_time\" content=\"2015-10-25T23:32:48+00:00\" \/>\n<meta name=\"twitter:label1\" content=\"Gesch\u00e4tzte Lesezeit\" \/>\n\t<meta name=\"twitter:data1\" content=\"1\u00a0Minute\" \/>\n<script type=\"application\/ld+json\" class=\"yoast-schema-graph\">{\"@context\":\"https:\\\/\\\/schema.org\",\"@graph\":[{\"@type\":\"WebPage\",\"@id\":\"https:\\\/\\\/erloeserkirche-marquartstein.de\\\/cms\\\/geistliche-angebote\\\/1848-2\\\/\",\"url\":\"https:\\\/\\\/erloeserkirche-marquartstein.de\\\/cms\\\/geistliche-angebote\\\/1848-2\\\/\",\"name\":\"Erwachsenentaufe - Erl\u00f6serkirche Marquartstein\",\"isPartOf\":{\"@id\":\"https:\\\/\\\/erloeserkirche-marquartstein.de\\\/cms\\\/#website\"},\"datePublished\":\"2015-10-25T23:32:39+00:00\",\"dateModified\":\"2015-10-25T23:32:48+00:00\",\"breadcrumb\":{\"@id\":\"https:\\\/\\\/erloeserkirche-marquartstein.de\\\/cms\\\/geistliche-angebote\\\/1848-2\\\/#breadcrumb\"},\"inLanguage\":\"de\",\"potentialAction\":[{\"@type\":\"ReadAction\",\"target\":[\"https:\\\/\\\/erloeserkirche-marquartstein.de\\\/cms\\\/geistliche-angebote\\\/1848-2\\\/\"]}]},{\"@type\":\"BreadcrumbList\",\"@id\":\"https:\\\/\\\/erloeserkirche-marquartstein.de\\\/cms\\\/geistliche-angebote\\\/1848-2\\\/#breadcrumb\",\"itemListElement\":[{\"@type\":\"ListItem\",\"position\":1,\"name\":\"Home\",\"item\":\"https:\\\/\\\/erloeserkirche-marquartstein.de\\\/cms\\\/\"},{\"@type\":\"ListItem\",\"position\":2,\"name\":\"Geistliche Angebote\",\"item\":\"https:\\\/\\\/erloeserkirche-marquartstein.de\\\/cms\\\/geistliche-angebote\\\/\"},{\"@type\":\"ListItem\",\"position\":3,\"name\":\"Erwachsenentaufe\"}]},{\"@type\":\"WebSite\",\"@id\":\"https:\\\/\\\/erloeserkirche-marquartstein.de\\\/cms\\\/#website\",\"url\":\"https:\\\/\\\/erloeserkirche-marquartstein.de\\\/cms\\\/\",\"name\":\"Erl\u00f6serkirche Marquartstein\",\"description\":\"Evangelisch-lutherische Kirchengemeinde Grassau, Unterw\u00f6ssen, Schleching, Staudach-Egerndach, Marquartstein | Evangelisch im Chiemgau\",\"potentialAction\":[{\"@type\":\"SearchAction\",\"target\":{\"@type\":\"EntryPoint\",\"urlTemplate\":\"https:\\\/\\\/erloeserkirche-marquartstein.de\\\/cms\\\/?s={search_term_string}\"},\"query-input\":{\"@type\":\"PropertyValueSpecification\",\"valueRequired\":true,\"valueName\":\"search_term_string\"}}],\"inLanguage\":\"de\"}]}<\/script>\n<!-- \/ Yoast SEO plugin. -->","yoast_head_json":{"title":"Erwachsenentaufe - Erl\u00f6serkirche Marquartstein","robots":{"index":"index","follow":"follow","max-snippet":"max-snippet:-1","max-image-preview":"max-image-preview:large","max-video-preview":"max-video-preview:-1"},"canonical":"https:\/\/erloeserkirche-marquartstein.de\/cms\/geistliche-angebote\/1848-2\/","og_locale":"de_DE","og_type":"article","og_title":"Erwachsenentaufe - Erl\u00f6serkirche Marquartstein","og_description":"Auch als Erwachsener k\u00f6nnen Sie sich taufen lassen. In einem Gespr\u00e4ch kl\u00e4re ich mit Ihnen, wie umfangreich eine Taufvorbereitung sein soll. Wichtig ist, dass Sie wissen, was die Taufe bedeutet. Der christliche Glaube ist dann eine Lebensbasis, wenn Sie eine Beziehung zu Jesus Christus aufgebaut haben. Das hei\u00dft nicht, dass all Ihre Fragen beantwortet sein [&hellip;]","og_url":"https:\/\/erloeserkirche-marquartstein.de\/cms\/geistliche-angebote\/1848-2\/","og_site_name":"Erl\u00f6serkirche Marquartstein","article_modified_time":"2015-10-25T23:32:48+00:00","twitter_misc":{"Gesch\u00e4tzte Lesezeit":"1\u00a0Minute"},"schema":{"@context":"https:\/\/schema.org","@graph":[{"@type":"WebPage","@id":"https:\/\/erloeserkirche-marquartstein.de\/cms\/geistliche-angebote\/1848-2\/","url":"https:\/\/erloeserkirche-marquartstein.de\/cms\/geistliche-angebote\/1848-2\/","name":"Erwachsenentaufe - Erl\u00f6serkirche Marquartstein","isPartOf":{"@id":"https:\/\/erloeserkirche-marquartstein.de\/cms\/#website"},"datePublished":"2015-10-25T23:32:39+00:00","dateModified":"2015-10-25T23:32:48+00:00","breadcrumb":{"@id":"https:\/\/erloeserkirche-marquartstein.de\/cms\/geistliche-angebote\/1848-2\/#breadcrumb"},"inLanguage":"de","potentialAction":[{"@type":"ReadAction","target":["https:\/\/erloeserkirche-marquartstein.de\/cms\/geistliche-angebote\/1848-2\/"]}]},{"@type":"BreadcrumbList","@id":"https:\/\/erloeserkirche-marquartstein.de\/cms\/geistliche-angebote\/1848-2\/#breadcrumb","itemListElement":[{"@type":"ListItem","position":1,"name":"Home","item":"https:\/\/erloeserkirche-marquartstein.de\/cms\/"},{"@type":"ListItem","position":2,"name":"Geistliche Angebote","item":"https:\/\/erloeserkirche-marquartstein.de\/cms\/geistliche-angebote\/"},{"@type":"ListItem","position":3,"name":"Erwachsenentaufe"}]},{"@type":"WebSite","@id":"https:\/\/erloeserkirche-marquartstein.de\/cms\/#website","url":"https:\/\/erloeserkirche-marquartstein.de\/cms\/","name":"Erl\u00f6serkirche Marquartstein","description":"Evangelisch-lutherische Kirchengemeinde Grassau, Unterw\u00f6ssen, Schleching, Staudach-Egerndach, Marquartstein | Evangelisch im Chiemgau","potentialAction":[{"@type":"SearchAction","target":{"@type":"EntryPoint","urlTemplate":"https:\/\/erloeserkirche-marquartstein.de\/cms\/?s={search_term_string}"},"query-input":{"@type":"PropertyValueSpecification","valueRequired":true,"valueName":"search_term_string"}}],"inLanguage":"de"}]}},"_links":{"self":[{"href":"https:\/\/erloeserkirche-marquartstein.de\/cms\/wp-json\/wp\/v2\/pages\/1848","targetHints":{"allow":["GET"]}}],"collection":[{"href":"https:\/\/erloeserkirche-marquartstein.de\/cms\/wp-json\/wp\/v2\/pages"}],"about":[{"href":"https:\/\/erloeserkirche-marquartstein.de\/cms\/wp-json\/wp\/v2\/types\/page"}],"author":[{"embeddable":true,"href":"https:\/\/erloeserkirche-marquartstein.de\/cms\/wp-json\/wp\/v2\/users\/1"}],"replies":[{"embeddable":true,"href":"https:\/\/erloeserkirche-marquartstein.de\/cms\/wp-json\/wp\/v2\/comments?post=1848"}],"version-history":[{"count":0,"href":"https:\/\/erloeserkirche-marquartstein.de\/cms\/wp-json\/wp\/v2\/pages\/1848\/revisions"}],"up":[{"embeddable":true,"href":"https:\/\/erloeserkirche-marquartstein.de\/cms\/wp-json\/wp\/v2\/pages\/83"}],"wp:attachment":[{"href":"https:\/\/erloeserkirche-marquartstein.de\/cms\/wp-json\/wp\/v2\/media?parent=1848"}],"curies":[{"name":"wp","href":"https:\/\/api.w.org\/{rel}","templated":true}]}}