{"id":114,"date":"2013-07-21T13:54:23","date_gmt":"2013-07-21T13:54:23","guid":{"rendered":"http:\/\/erloeserkirche-marquartstein.de\/cms\/?page_id=114"},"modified":"2024-04-24T16:45:37","modified_gmt":"2024-04-24T14:45:37","slug":"mitarbeit","status":"publish","type":"page","link":"https:\/\/erloeserkirche-marquartstein.de\/cms\/so-konnen-sie-helfen\/mitarbeit\/","title":{"rendered":"Mitarbeit"},"content":{"rendered":"<p>Sie wollen uns aktiv unterst\u00fctzen oder in unseren Gruppen und Kreisen mitarbeiten? Kein Problem &#8211; wenden Sie sich gerne an den jeweiligen Ansprechpartner. Ist hier nichts dabei, was Ihnen Spa\u00df machen k\u00f6nnte? Kein Problem, denn es gibt viele weitere M\u00f6glichkeiten, sich einzubringen &#8211; z.B.:<\/p>\n<h3>Weihnachtsbude Diakonie<\/h3>\n<p>Ihre Leidenschaft ist Pl\u00e4tzchen backen, Marmelade kochen, oder sonstige Leckereien herzustellen. Oder Sie stricken, basteln oder gestalten f\u00fcr Ihr Leben gerne. Und Sie m\u00f6chten gerne helfen, dass die Weihnachtsbude der Diakonie auf dem diesj\u00e4hrigen Weihnachtsmarkt ein tolles Angebot pr\u00e4sentieren kann, dann sind Sie bei uns richtig.&nbsp;Sie sind herzlich eingeladen.<br \/>\nN\u00e4here Auskunft erhalten Sie bei <a title=\"So erreichen Sie uns\" href=\"http:\/\/erloeserkirche-marquartstein.de\/cms\/?page_id=160\">Diakon Soergel<\/a>.<\/p>\n","protected":false},"excerpt":{"rendered":"<p>Sie wollen uns aktiv unterst\u00fctzen oder in unseren Gruppen und Kreisen mitarbeiten? Kein Problem &#8211; wenden Sie sich gerne an den jeweiligen Ansprechpartner. Ist hier nichts dabei, was Ihnen Spa\u00df machen k\u00f6nnte? Kein Problem, denn es gibt viele weitere M\u00f6glichkeiten, sich einzubringen &#8211; z.B.: Weihnachtsbude Diakonie Ihre Leidenschaft ist Pl\u00e4tzchen backen, Marmelade kochen, oder sonstige [&hellip;]<\/p>\n","protected":false},"author":1,"featured_media":0,"parent":113,"menu_order":0,"comment_status":"closed","ping_status":"closed","template":"","meta":{"ngg_post_thumbnail":0,"footnotes":""},"class_list":["post-114","page","type-page","status-publish","hentry"],"yoast_head":"<!-- This site is optimized with the Yoast SEO plugin v27.1.1 - https:\/\/yoast.com\/product\/yoast-seo-wordpress\/ -->\n<title>Mitarbeit - Erl\u00f6serkirche Marquartstein<\/title>\n<meta name=\"robots\" content=\"index, follow, max-snippet:-1, max-image-preview:large, max-video-preview:-1\" \/>\n<link rel=\"canonical\" href=\"https:\/\/erloeserkirche-marquartstein.de\/cms\/so-konnen-sie-helfen\/mitarbeit\/\" \/>\n<meta property=\"og:locale\" content=\"de_DE\" \/>\n<meta property=\"og:type\" content=\"article\" \/>\n<meta property=\"og:title\" content=\"Mitarbeit - Erl\u00f6serkirche Marquartstein\" \/>\n<meta property=\"og:description\" content=\"Sie wollen uns aktiv unterst\u00fctzen oder in unseren Gruppen und Kreisen mitarbeiten? Kein Problem &#8211; wenden Sie sich gerne an den jeweiligen Ansprechpartner. Ist hier nichts dabei, was Ihnen Spa\u00df machen k\u00f6nnte? Kein Problem, denn es gibt viele weitere M\u00f6glichkeiten, sich einzubringen &#8211; z.B.: Weihnachtsbude Diakonie Ihre Leidenschaft ist Pl\u00e4tzchen backen, Marmelade kochen, oder sonstige [&hellip;]\" \/>\n<meta property=\"og:url\" content=\"https:\/\/erloeserkirche-marquartstein.de\/cms\/so-konnen-sie-helfen\/mitarbeit\/\" \/>\n<meta property=\"og:site_name\" content=\"Erl\u00f6serkirche Marquartstein\" \/>\n<meta property=\"article:modified_time\" content=\"2024-04-24T14:45:37+00:00\" \/>\n<meta name=\"twitter:label1\" content=\"Gesch\u00e4tzte Lesezeit\" \/>\n\t<meta name=\"twitter:data1\" content=\"1\u00a0Minute\" \/>\n<script type=\"application\/ld+json\" class=\"yoast-schema-graph\">{\"@context\":\"https:\/\/schema.org\",\"@graph\":[{\"@type\":\"WebPage\",\"@id\":\"https:\/\/erloeserkirche-marquartstein.de\/cms\/so-konnen-sie-helfen\/mitarbeit\/\",\"url\":\"https:\/\/erloeserkirche-marquartstein.de\/cms\/so-konnen-sie-helfen\/mitarbeit\/\",\"name\":\"Mitarbeit - Erl\u00f6serkirche Marquartstein\",\"isPartOf\":{\"@id\":\"https:\/\/erloeserkirche-marquartstein.de\/cms\/#website\"},\"datePublished\":\"2013-07-21T13:54:23+00:00\",\"dateModified\":\"2024-04-24T14:45:37+00:00\",\"breadcrumb\":{\"@id\":\"https:\/\/erloeserkirche-marquartstein.de\/cms\/so-konnen-sie-helfen\/mitarbeit\/#breadcrumb\"},\"inLanguage\":\"de\",\"potentialAction\":[{\"@type\":\"ReadAction\",\"target\":[\"https:\/\/erloeserkirche-marquartstein.de\/cms\/so-konnen-sie-helfen\/mitarbeit\/\"]}]},{\"@type\":\"BreadcrumbList\",\"@id\":\"https:\/\/erloeserkirche-marquartstein.de\/cms\/so-konnen-sie-helfen\/mitarbeit\/#breadcrumb\",\"itemListElement\":[{\"@type\":\"ListItem\",\"position\":1,\"name\":\"Home\",\"item\":\"https:\/\/erloeserkirche-marquartstein.de\/cms\/\"},{\"@type\":\"ListItem\",\"position\":2,\"name\":\"So k\u00f6nnen Sie helfen\",\"item\":\"https:\/\/erloeserkirche-marquartstein.de\/cms\/so-konnen-sie-helfen\/\"},{\"@type\":\"ListItem\",\"position\":3,\"name\":\"Mitarbeit\"}]},{\"@type\":\"WebSite\",\"@id\":\"https:\/\/erloeserkirche-marquartstein.de\/cms\/#website\",\"url\":\"https:\/\/erloeserkirche-marquartstein.de\/cms\/\",\"name\":\"Erl\u00f6serkirche Marquartstein\",\"description\":\"Evangelisch-lutherische Kirchengemeinde Grassau, Unterw\u00f6ssen, Schleching, Staudach-Egerndach, Marquartstein | Evangelisch im Chiemgau\",\"potentialAction\":[{\"@type\":\"SearchAction\",\"target\":{\"@type\":\"EntryPoint\",\"urlTemplate\":\"https:\/\/erloeserkirche-marquartstein.de\/cms\/?s={search_term_string}\"},\"query-input\":{\"@type\":\"PropertyValueSpecification\",\"valueRequired\":true,\"valueName\":\"search_term_string\"}}],\"inLanguage\":\"de\"}]}<\/script>\n<!-- \/ Yoast SEO plugin. -->","yoast_head_json":{"title":"Mitarbeit - Erl\u00f6serkirche Marquartstein","robots":{"index":"index","follow":"follow","max-snippet":"max-snippet:-1","max-image-preview":"max-image-preview:large","max-video-preview":"max-video-preview:-1"},"canonical":"https:\/\/erloeserkirche-marquartstein.de\/cms\/so-konnen-sie-helfen\/mitarbeit\/","og_locale":"de_DE","og_type":"article","og_title":"Mitarbeit - Erl\u00f6serkirche Marquartstein","og_description":"Sie wollen uns aktiv unterst\u00fctzen oder in unseren Gruppen und Kreisen mitarbeiten? Kein Problem &#8211; wenden Sie sich gerne an den jeweiligen Ansprechpartner. Ist hier nichts dabei, was Ihnen Spa\u00df machen k\u00f6nnte? Kein Problem, denn es gibt viele weitere M\u00f6glichkeiten, sich einzubringen &#8211; z.B.: Weihnachtsbude Diakonie Ihre Leidenschaft ist Pl\u00e4tzchen backen, Marmelade kochen, oder sonstige [&hellip;]","og_url":"https:\/\/erloeserkirche-marquartstein.de\/cms\/so-konnen-sie-helfen\/mitarbeit\/","og_site_name":"Erl\u00f6serkirche Marquartstein","article_modified_time":"2024-04-24T14:45:37+00:00","twitter_misc":{"Gesch\u00e4tzte Lesezeit":"1\u00a0Minute"},"schema":{"@context":"https:\/\/schema.org","@graph":[{"@type":"WebPage","@id":"https:\/\/erloeserkirche-marquartstein.de\/cms\/so-konnen-sie-helfen\/mitarbeit\/","url":"https:\/\/erloeserkirche-marquartstein.de\/cms\/so-konnen-sie-helfen\/mitarbeit\/","name":"Mitarbeit - Erl\u00f6serkirche Marquartstein","isPartOf":{"@id":"https:\/\/erloeserkirche-marquartstein.de\/cms\/#website"},"datePublished":"2013-07-21T13:54:23+00:00","dateModified":"2024-04-24T14:45:37+00:00","breadcrumb":{"@id":"https:\/\/erloeserkirche-marquartstein.de\/cms\/so-konnen-sie-helfen\/mitarbeit\/#breadcrumb"},"inLanguage":"de","potentialAction":[{"@type":"ReadAction","target":["https:\/\/erloeserkirche-marquartstein.de\/cms\/so-konnen-sie-helfen\/mitarbeit\/"]}]},{"@type":"BreadcrumbList","@id":"https:\/\/erloeserkirche-marquartstein.de\/cms\/so-konnen-sie-helfen\/mitarbeit\/#breadcrumb","itemListElement":[{"@type":"ListItem","position":1,"name":"Home","item":"https:\/\/erloeserkirche-marquartstein.de\/cms\/"},{"@type":"ListItem","position":2,"name":"So k\u00f6nnen Sie helfen","item":"https:\/\/erloeserkirche-marquartstein.de\/cms\/so-konnen-sie-helfen\/"},{"@type":"ListItem","position":3,"name":"Mitarbeit"}]},{"@type":"WebSite","@id":"https:\/\/erloeserkirche-marquartstein.de\/cms\/#website","url":"https:\/\/erloeserkirche-marquartstein.de\/cms\/","name":"Erl\u00f6serkirche Marquartstein","description":"Evangelisch-lutherische Kirchengemeinde Grassau, Unterw\u00f6ssen, Schleching, Staudach-Egerndach, Marquartstein | Evangelisch im Chiemgau","potentialAction":[{"@type":"SearchAction","target":{"@type":"EntryPoint","urlTemplate":"https:\/\/erloeserkirche-marquartstein.de\/cms\/?s={search_term_string}"},"query-input":{"@type":"PropertyValueSpecification","valueRequired":true,"valueName":"search_term_string"}}],"inLanguage":"de"}]}},"_links":{"self":[{"href":"https:\/\/erloeserkirche-marquartstein.de\/cms\/wp-json\/wp\/v2\/pages\/114","targetHints":{"allow":["GET"]}}],"collection":[{"href":"https:\/\/erloeserkirche-marquartstein.de\/cms\/wp-json\/wp\/v2\/pages"}],"about":[{"href":"https:\/\/erloeserkirche-marquartstein.de\/cms\/wp-json\/wp\/v2\/types\/page"}],"author":[{"embeddable":true,"href":"https:\/\/erloeserkirche-marquartstein.de\/cms\/wp-json\/wp\/v2\/users\/1"}],"replies":[{"embeddable":true,"href":"https:\/\/erloeserkirche-marquartstein.de\/cms\/wp-json\/wp\/v2\/comments?post=114"}],"version-history":[{"count":1,"href":"https:\/\/erloeserkirche-marquartstein.de\/cms\/wp-json\/wp\/v2\/pages\/114\/revisions"}],"predecessor-version":[{"id":5179,"href":"https:\/\/erloeserkirche-marquartstein.de\/cms\/wp-json\/wp\/v2\/pages\/114\/revisions\/5179"}],"up":[{"embeddable":true,"href":"https:\/\/erloeserkirche-marquartstein.de\/cms\/wp-json\/wp\/v2\/pages\/113"}],"wp:attachment":[{"href":"https:\/\/erloeserkirche-marquartstein.de\/cms\/wp-json\/wp\/v2\/media?parent=114"}],"curies":[{"name":"wp","href":"https:\/\/api.w.org\/{rel}","templated":true}]}}